{"id":44,"date":"2014-07-17T20:18:30","date_gmt":"2014-07-18T00:18:30","guid":{"rendered":"http:\/\/localhost:8888\/wordpress\/?page_id=44"},"modified":"2016-03-12T22:02:59","modified_gmt":"2016-03-13T02:02:59","slug":"liens","status":"publish","type":"page","link":"https:\/\/www.iam140.ca\/?page_id=44&lang=fr","title":{"rendered":"Liens"},"content":{"rendered":"<h3 class=\"posth2\" style=\"color: #5b6d7d;\"><strong>AIMTA<\/strong><\/h3>\n<p><a style=\"color: #145484;\" href=\"http:\/\/www.goiam.org\/\">Bureau international de l&#8217;AIMTA<\/a>\u00a0(en anglais seulement)<\/p>\n<p><a style=\"color: #145484;\" href=\"http:\/\/www.iamaw.ca\/\">Bureau canadien de l&#8217;AIMTA<\/a><\/p>\n<p><a style=\"color: #145484;\" href=\"http:\/\/www.iamopcm.org\/\">Ontario\u00a0Provincial Council of Machinists<\/a>\u00a0(en anglais seulement)<\/p>\n<p><a style=\"color: #145484;\" href=\"http:\/\/www.aimtacmq.ca\/\">Conseil des machinistes du Qu\u00e9bec<\/a><\/p>\n<p><a style=\"color: #145484;\" href=\"http:\/\/www.maritimemachinists.ca\/\">Maritime Machinists Council<\/a>\u00a0(en anglais seulement)<\/p>\n<p style=\"color: #5b6d7d;\"><strong>FEMMES<\/strong><\/p>\n<p><a style=\"color: #145484;\" href=\"http:\/\/www.actew.org\/\">A commitment to Training and Employment for Women (ACTEW)<\/a>\u00a0(en anglais seulement)<\/p>\n<p><a style=\"color: #145484;\" href=\"http:\/\/www.cefso.ca\/\">Council of Elizabeth Fry Societies of Ontario<\/a>\u00a0(en anglais seulement)<\/p>\n<p><a style=\"color: #145484;\" href=\"http:\/\/www.web.net\/~desact\/\">DES Action Canada<\/a><\/p>\n<p><a style=\"color: #145484;\" href=\"http:\/\/www.equalpaycoalition.org\/\/\">Equal Pay Coalition<\/a>\u00a0(en anglais seulement)<\/p>\n<p><a style=\"color: #145484;\" href=\"http:\/\/www.owjn.org\/\">Ontario Women&#8217;s Justice Network<\/a>\u00a0(en anglais seulement)<\/p>\n<p><a style=\"color: #145484;\" href=\"http:\/\/www.web.net\/~twhn\/\">Toronto Women&#8217;s Health Network<\/a>\u00a0(en anglais seulement)<\/p>\n<p><a style=\"color: #145484;\" href=\"http:\/\/www.willow.org\/\">WILLOW &#8211; Breast Cancer Support Canada<\/a>\u00a0(en anglais seulement)<\/p>\n<p><a style=\"color: #145484;\" href=\"http:\/\/www.wavaw.ca\/\/\">Women\u00a0Against Violence Against Women<\/a>\u00a0(en anglais seulement)<\/p>\n<p><a style=\"color: #145484;\" href=\"http:\/\/www.wicc.org\/\">Conseil oecum\u00e9nique des chr\u00e9tiennes du Canada<\/a>\u00a0(en anglais seulement &#8211; fran\u00e7ais \u00e0 venir)<\/p>\n<p><a style=\"color: #145484;\" href=\"http:\/\/www.companyofwomen.ca\/\">Company of Women<\/a>\u00a0(en anglais seulement)<\/p>\n<p><a style=\"color: #145484;\" href=\"http:\/\/www.coolwomen.ca\/\">Cool Women<\/a>\u00a0(en anglais seulement)<\/p>\n<p><a style=\"color: #145484;\" href=\"http:\/\/www.shelternet.ca\/splashpage.cfm\">Shelternet.ca<\/a><\/p>\n<p>Guide sur les maisons d&#8217;h\u00e9bergement pour femmes au Canada.<\/p>\n<p><a style=\"color: #145484;\" href=\"http:\/\/www.ymca.ca\/\">YMCA Canada<\/a><\/p>\n<p style=\"color: #5b6d7d;\"><strong>SERVICES GOUVERNEMENTAUX<br \/>\n<\/strong><br \/>\n<a style=\"color: #145484;\" href=\"http:\/\/www.gc.ca\/depts\/major\/depind-fra.html\">Liste alphab\u00e9tique des minist\u00e8res et organismes du gouvernement du Canada accompagn\u00e9e des adresses de leur site Web<\/a><\/p>\n<p><a style=\"color: #145484;\" href=\"http:\/\/www.oag-bvg.gc.ca\/internet\/francais\/admin_f_41.html\">Bureau du v\u00e9rificateur g\u00e9n\u00e9ral du Canada<\/a><\/p>\n<p><a style=\"color: #145484;\" href=\"http:\/\/www.cirb-ccri.gc.ca\/index_fra.asp\">Conseil canadien des relations industrielles<\/a><\/p>\n<p><a style=\"color: #145484;\" href=\"http:\/\/www.catsa-acsta.gc.ca\/francais\/\">Administration canadienne de la s\u00fbret\u00e9 du transport a\u00e9rien (ACSTA)<\/a><\/p>\n<p><a style=\"color: #145484;\" href=\"http:\/\/www.cbc.radio-canada.ca\/accueil.asp\">Radio-Canada<\/a><\/p>\n<p><a style=\"color: #145484;\" href=\"http:\/\/www.chrc-ccdp.ca\/default-fr.asp?lang_update=1\">Commission canadienne des droits de la personne<\/a><\/p>\n<p><a style=\"color: #145484;\" href=\"http:\/\/www.chrt-tcdp.gc.ca\/index_f.asp\">Tribunal canadien des droits de la personne<\/a><\/p>\n<p><a style=\"color: #145484;\" href=\"http:\/\/www.parl.gc.ca\/common\/index.asp?Language=F\">Parlement du Canada<\/a><\/p>\n<p><a style=\"color: #145484;\" href=\"http:\/\/www.rhdsc.gc.ca\/fr\/accueil.shtml\">Ressources humaines et D\u00e9veloppement social Canada<\/a><\/p>\n<p><a style=\"color: #145484;\" href=\"http:\/\/www.hrsdc.gc.ca\/fr\/passerelles\/nav\/nav_haut\/programme\/psr.shtml\">Programme de la s\u00e9curit\u00e9 du revenu<\/a><\/p>\n<p><a style=\"color: #145484;\" href=\"http:\/\/www.scc.ca\/fr\/index.shtml\">Conseil canadien des normes<\/a><\/p>\n<p><a style=\"color: #145484;\" href=\"http:\/\/www.statcan.ca\/menu-fr.htm\">Statistique Canada<\/a><\/p>\n<p><a style=\"color: #145484;\" href=\"http:\/\/www.cfc-swc.gc.ca\/index_f.html\">Condition f\u00e9minine<\/a><\/p>\n<p><a style=\"color: #145484;\" href=\"http:\/\/www.gov.on.ca\/ont\/portal\/%21ut\/p\/.cmd\/cs\/.ce\/7_0_A\/.s\/7_0_24P\/_s.7_0_A\/7_0_24P\/_l\/fr?docid=FC002001\">Gouvernement de l&#8217;Ontario<\/a><\/p>\n<div id=\"primarycontent\" style=\"color: #5b6d7d;\">\n<p><strong>SANT\u00c9 ET S\u00c9CURIT\u00c9<\/strong><\/p>\n<p><a style=\"color: #145484;\" href=\"http:\/\/www.awcbc.org\/fr\/index.asp\">Association des commission des accidents du travail du Canada (ACATC)<\/a><\/p>\n<p>Le site Web de l&#8217;Association des commissions des accidents du travail du Canada est un outil utile pour acc\u00e9der \u00e0 tous les sites Web des commissions des accidents du travail au niveau provincial et r\u00e9gional. De plus, un calendrier des \u00e9v\u00e9nements y est disponible pour conna\u00eetre les \u00e9v\u00e9nements pr\u00e9vus relativement \u00e0 la s\u00e9curit\u00e9 et la sant\u00e9 en milieu de travail, et ce, partout en Am\u00e9rique du Nord et \u00e0 travers le monde. On y retrouve \u00e9galement une liste compl\u00e8te des congr\u00e8s, s\u00e9minaires et forums \u00e9ducatifs.<\/p>\n<p><a style=\"color: #145484;\" href=\"http:\/\/www.canoshweb.org\/\">Le site Web national sur l&#8217;hygi\u00e8ne et la s\u00e9curit\u00e9 du travail au Canada<\/a><\/p>\n<p>Offrant aux Canadiens et aux Canadiennes un moyen pratique et efficace d&#8217;obtenir des renseignements sur l&#8217;hygi\u00e8ne et la s\u00e9curit\u00e9 au travail, fournis par des organismes des gouvernements f\u00e9d\u00e9ral, provinciaux et territoriaux du Canada et du Centre canadien d&#8217;hygi\u00e8ne et de s\u00e9curit\u00e9 au travail (CCHST).<\/p>\n<p><a style=\"color: #145484;\" href=\"http:\/\/www.cchst.ca\/\">Centre canadien d&#8217;hygi\u00e8ne et de s\u00e9curit\u00e9 au travail<\/a><\/p>\n<p>Le mandat du Centre canadien d&#8217;hygi\u00e8ne et de s\u00e9curit\u00e9 au travail (CCGST) es tde promouvoir la sant\u00e9 et la s\u00e9curit\u00e9 en milieu de travail en fournissant de l&#8217;information et des conseils sur tous les aspects de l&#8217;environnement au travail.<\/p>\n<p><a style=\"color: #145484;\" href=\"http:\/\/www.canlii.com\/\">Institut canadien d&#8217;information juridique (CANLII)<\/a><\/p>\n<p><a style=\"color: #145484;\" href=\"http:\/\/www.reptox.csst.qc.ca\/SIMDUT.htm\">SIMDUT<\/a><\/p>\n<p>Documents, listes, guides et autres outils offerts dans le but d&#8217;aider \u00e0 d\u00e9velopper une base de connaissances en toxicologie.<\/p>\n<p><a style=\"color: #145484;\" href=\"http:\/\/www.ohcow.on.ca\/\">Centres de sant\u00e9 des travailleurs de l&#8217;Ontario<\/a>\u00a0(en anglais seulement)<\/p>\n<p>Les Centres de sant\u00e9 des travailleurs de l&#8217;Ontario ont \u00e9t\u00e9 mis sur pied pour aider \u00e0 pr\u00e9venir les maladies et blessures reli\u00e9es au travail et am\u00e9liorer le bien-\u00eatre physique, mental et social des travailleurs.<\/p>\n<p><a style=\"color: #145484;\" href=\"http:\/\/www.ohscanada.com\/links\/safety_organization.asp\">Occupational Health and Safety Magazine<\/a>\u00a0&#8211; OHS Canada Links (en anglais seulement)<\/p>\n<p><a style=\"color: #145484;\" href=\"http:\/\/www.asbestos.com\/\">M\u00e9soth\u00e9liom<\/a><\/p>\n<p>Le centre du m\u00e9soth\u00e9liome est con\u00e7u pour sensibiliser davantage les gens sur cette maladie en fournissant le plus de renseignements possibles sur l&#8217;exposition \u00e0 l&#8217;amiante et ses effets, causant le m\u00e9soth\u00e9liome.<\/p>\n<\/div>\n<p><a href=\"http:\/\/www.ffsonline.org\/\">Freedom From Smoking Online<\/a><\/p>\n<p><span class=\"breadcrumb breadcrumbItem\"><span lang=\"fr\">Freedom From Smoking\u00ae en ligne &#8211; un programme pour vous aider \u00e0 cesser de fumer<\/span>.<\/span><\/p>\n<p><a href=\"https:\/\/quitsmokingcommunity.org\/\">Quit Smoking Community<\/a><\/p>\n<div class=\"_Ejb\">\n<div id=\"tw-target\">\n<div id=\"tw-target-text-container\" class=\"tw-ta-container tw-nfl\">\n<pre id=\"tw-target-text\" class=\"tw-data-text vk_txt tw-ta tw-text-small\" dir=\"ltr\" data-fulltext=\"\" data-placeholder=\"Translation\"><span lang=\"fr\">Arr\u00eater de fumer Communaut\u00e9 , un nouveau , mais de plus en plus la communaut\u00e9 en ligne et centre d'apprentissage pour les fumeurs en qu\u00eate d' inspiration et d'information.<\/span><\/pre>\n<\/div>\n<\/div>\n<\/div>\n<div id=\"primarycontent\" style=\"color: #5b6d7d;\">\n<div id=\"primarycontent\">\n<p>AUTRES<\/p>\n<p><a style=\"color: #145484;\" href=\"http:\/\/www.acpa.ca\/\">Association des pilotes d&#8217;Air Canada (APAC)<\/a>\u00a0(en anglais seulement)<\/p>\n<p><a style=\"color: #145484;\" href=\"http:\/\/www.policyalternatives.ca\/\">Canadian Centre for Policy Alternatives<\/a>\u00a0(en anglais seulement)<\/p>\n<p><a style=\"color: #145484;\" href=\"http:\/\/www.cctt.ca\/\">Conseil canadien des techniciens et technologues<\/a><\/p>\n<p><a style=\"color: #145484;\" href=\"http:\/\/www.taxpayer.com\/\">Canadian Taxpayers Federation<\/a>\u00a0(en anglais seulement)<\/p>\n<p><a style=\"color: #145484;\" href=\"http:\/\/www.cleanclothes.org\/\">Clean Clothes Campaign<\/a>\u00a0(en anglais seulement)<\/p>\n<p><a style=\"color: #145484;\" href=\"http:\/\/www.corpwatch.org\/\">CorpWatch &#8211; Holding Corporations Accountable<\/a>\u00a0(en anglais seulement)<\/p>\n<p><a style=\"color: #145484;\" href=\"http:\/\/www.globalexchange.org\/\">Globalexchange<\/a>\u00a0(en anglais seulement)<\/p>\n<p><a style=\"color: #145484;\" href=\"http:\/\/www.iacenter.org\/\">International Action Center<\/a>\u00a0(en anglais seulement)<\/p>\n<p><a style=\"color: #145484;\" href=\"http:\/\/www.hazards.org\/\">Hazards Magazine<\/a>\u00a0(en anglais seulement)<\/p>\n<p>Trade Union Health &amp; Safety<\/p>\n<p><a style=\"color: #145484;\" href=\"http:\/\/www.ourtimes.ca\/\">Our Times<\/a>\u00a0(en anglais seulement)<\/p>\n<p>Canada&#8217;s Independent Labour Magazine<\/p>\n<p><a style=\"color: #145484;\" href=\"http:\/\/en.maquilasolidarity.org\/\">Maquila Solidarity Network<\/a>\u00a0(en anglais et en espagnol)<\/p>\n<p><a style=\"color: #145484;\" href=\"http:\/\/www.wahc-museum.ca\/\">Ontario Workers Arts and Heritage Centre<\/a>\u00a0(en anglais seulement)<\/p>\n<p><a style=\"color: #145484;\" href=\"http:\/\/www.npd.ca\/accueil\">Nouveau Parti D\u00e9mocratique (NPD)<\/a><\/p>\n<p><a style=\"color: #145484;\" href=\"http:\/\/www.yorku.ca\/crws\/\">Centre for Research on Work and Society<\/a>\u00a0(en anglais seulement)<\/p>\n<p><a style=\"color: #145484;\" href=\"http:\/\/www.sedar.com\/\">SEDAR<\/a><\/p>\n<p>Syst\u00e8me \u00e9lectronique de donn\u00e9es, d&#8217;analyse et de recherche.<\/p>\n<p><a style=\"color: #145484;\" href=\"http:\/\/www.cannex.com\/\">CANNEX Annuities<\/a>\u00a0(en anglais seulement)<\/p>\n<p><a style=\"color: #145484;\" href=\"http:\/\/www.ccla.org\/\">Canadian Civil Liberties Association<\/a>\u00a0(en anglais seulement)<\/p>\n<p><a style=\"color: #145484;\" href=\"http:\/\/www.imfmetal.org\/main\/index.cfm?n=10&amp;l=5\">F\u00e9d\u00e9ration Internationale des Organisations de travailleurs de la M\u00e9tallurgie (FIOM)<\/a><\/p>\n<p><a style=\"color: #145484;\" href=\"http:\/\/www.camc.ca\/\">Conseil canadien de l&#8217;entretien des a\u00e9ronefs (CCEA)<\/a><\/p>\n<p><a style=\"color: #145484;\" href=\"http:\/\/www.cppib.ca\/fr\/\">L&#8217;Office d&#8217;investissement du RPC<\/a><\/p>\n<p><strong>ORGANISATIONS OUVRI\u00c8RES PROVINCIALES ET NATIONALES<\/strong><\/p>\n<p><a style=\"color: #145484;\" href=\"http:\/\/www.congresdutravail.ca\/accueil\">Congr\u00e8s du travail du Canada<\/a><\/p>\n<p><a style=\"color: #145484;\" href=\"http:\/\/xpdnc.com\/links\/lonatca.html\">Nationwide Canadian Organized Labour and Union Website Links<\/a>\u00a0(en anglais seulement)<\/p>\n<p><a style=\"color: #145484;\" href=\"http:\/\/www.calm.ca\/\">Canadian Association of Labour Media (CALM)<\/a>\u00a0(en anglais seulement)<\/p>\n<p><a style=\"color: #145484;\" href=\"http:\/\/www.laborbeat.org\/lb\/home.htm\">Labor Beat<\/a>\u00a0(en anglais seulement)<\/p>\n<p><a style=\"color: #145484;\" href=\"http:\/\/www.labornet.org\/\">LaborNet<\/a>\u00a0(en anglais seulement)<\/p>\n<p><a style=\"color: #145484;\" href=\"http:\/\/www.labornotes.org\/\">Labor Notes<\/a>\u00a0(en anglais seulement)<\/p>\n<p><a href=\"http:\/\/www.unionist.com\/\">Unionist<\/a><\/p>\n<div id=\"primarycontent\">\n<p><strong>INDUSTRIE DU TRANSPORT ET COMPAGNIES A\u00c9RIENNES<\/strong><\/p>\n<p><a style=\"color: #145484;\" href=\"http:\/\/www.airbus.com\/en\/\">Airbus<\/a>\u00a0(en anglais seulement)<\/p>\n<p><a style=\"color: #145484;\" href=\"http:\/\/www.boeing.com\/company\/index.page\">Boeing<\/a>\u00a0(en anglais seulement)<\/p>\n<p><a style=\"color: #145484;\" href=\"http:\/\/www.bombardier.com\/fr\/bombardier\">Bombardier<\/a><\/p>\n<p><a style=\"color: #145484;\" href=\"http:\/\/www.aeforum.net\/asp\/directory\/index.asp\">The Airline Website<\/a>\u00a0(en anglais seulement)<\/p>\n<p><a style=\"color: #145484;\" href=\"http:\/\/www.aircanada.ca\/\">Air Canada<\/a><\/p>\n<p><a style=\"color: #145484;\" href=\"http:\/\/www.acfamily.net\/\">Air Canada Family Network<\/a>\u00a0(en anglais seulement)<\/p>\n<p><a style=\"color: #145484;\" href=\"http:\/\/www.cheapflights.ca\/\">CheapFlights.ca<\/a><\/p>\n<p><a style=\"color: #145484;\" href=\"http:\/\/www.travel.aircanada.com\/ews\/login.jsp\">Site des facilit\u00e9s de transport d&#8217;Air Canada<\/a><\/p>\n<p><a style=\"color: #145484;\" href=\"http:\/\/www.bst.gc.ca\/fr\/index.asp\">Bureau de la s\u00e9curit\u00e9 des transports du Canada<\/a><\/p>\n<p><a style=\"color: #145484;\" href=\"http:\/\/www.airsafe.com\/\">AirSafe<\/a>\u00a0(en anglais seulement)<\/p>\n<p><a style=\"color: #145484;\" href=\"http:\/\/www.tc.gc.ca\/fr\/menu.htm\">Transports Canada<\/a><\/p>\n<p><a style=\"color: #145484;\" href=\"http:\/\/www.transport2000.ca\/francais\/index.htm\">Transport 2000<\/a><\/p>\n<p><strong>LOIS DU TRAVAIL<br \/>\n<\/strong><br \/>\n<a style=\"color: #145484;\" href=\"http:\/\/www2.publicationsduquebec.gouv.qc.ca\/dynamicSearch\/telecharge.php?type=2&amp;file=\/C_27\/C27.HTM\">Code du travail du Qu\u00e9bec<\/a><\/p>\n<p><a style=\"color: #145484;\" href=\"http:\/\/www.csst.qc.ca\/portail\/fr\/\">CSST<\/a><\/p>\n<p>Accidents et blessures li\u00e9s au travail.<\/p>\n<p><a style=\"color: #145484;\" href=\"http:\/\/laws.justice.gc.ca\/fr\/const\/annex_f.html#l\">Charte canadienne des droits et libert\u00e9s<\/a><\/p>\n<p><a style=\"color: #145484;\" href=\"http:\/\/www.cdpdj.qc.ca\/fr\/commun\/docs\/charte.pdf\">Charte des droits et libert\u00e9s de la personne du Qu\u00e9bec<\/a><\/p>\n<p><a style=\"color: #145484;\" href=\"http:\/\/www1.servicecanada.gc.ca\/fr\/ae\/menu\/accueilae.shtml\">Assurance-emploi<\/a><\/p>\n<div id=\"primarycontent\">\n<p><strong>ORGANISATIONS OUVRI\u00c8RES INTERNATIONALES<\/strong><\/p>\n<p><a style=\"color: #145484;\" href=\"http:\/\/www.aflcio.org\/\"><span style=\"color: #830101;\">AFL-CIO<\/span><\/a>\u00a0(en anglais seulement)<\/p>\n<p><a style=\"color: #145484;\" href=\"http:\/\/www.itfglobal.org\/index.cfm\"><span style=\"color: #830101;\">F\u00e9d\u00e9ration internationale des ouvriers du transport<\/span><\/a><\/p>\n<p><a style=\"color: #145484;\" href=\"http:\/\/www.labourstart.org\/gldod.shtml\">Global Labour Directory of Directories<\/a>\u00a0(en anglais seulement)<\/p>\n<p><a style=\"color: #145484;\" href=\"http:\/\/www.ilo.org\/global\/lang--fr\/index.htm\"><span style=\"color: #830101;\">Organisation<\/span>\u00a0internationale du Travail<\/a><\/p>\n<\/div>\n<\/div>\n<\/div>\n<\/div>\n","protected":false},"excerpt":{"rendered":"<p>AIMTA Bureau international de l&#8217;AIMTA\u00a0(en anglais seulement) Bureau canadien de l&#8217;AIMTA Ontario\u00a0Provincial Council of Machinists\u00a0(en anglais seulement) Conseil des machinistes du Qu\u00e9bec Maritime Machinists Council\u00a0(en anglais seulement) FEMMES A commitment to Training and Employment for Women (ACTEW)\u00a0(en anglais seulement) Council of Elizabeth Fry Societies of Ontario\u00a0(en anglais seulement) DES Action Canada Equal Pay Coalition\u00a0(en anglais [&hellip;]<\/p>\n","protected":false},"author":7,"featured_media":0,"parent":0,"menu_order":0,"comment_status":"closed","ping_status":"closed","template":"","meta":{"iawp_total_views":0,"footnotes":""},"class_list":["post-44","page","type-page","status-publish","hentry","post"],"_links":{"self":[{"href":"https:\/\/www.iam140.ca\/index.php?rest_route=\/wp\/v2\/pages\/44","targetHints":{"allow":["GET"]}}],"collection":[{"href":"https:\/\/www.iam140.ca\/index.php?rest_route=\/wp\/v2\/pages"}],"about":[{"href":"https:\/\/www.iam140.ca\/index.php?rest_route=\/wp\/v2\/types\/page"}],"author":[{"embeddable":true,"href":"https:\/\/www.iam140.ca\/index.php?rest_route=\/wp\/v2\/users\/7"}],"replies":[{"embeddable":true,"href":"https:\/\/www.iam140.ca\/index.php?rest_route=%2Fwp%2Fv2%2Fcomments&post=44"}],"version-history":[{"count":6,"href":"https:\/\/www.iam140.ca\/index.php?rest_route=\/wp\/v2\/pages\/44\/revisions"}],"predecessor-version":[{"id":2269,"href":"https:\/\/www.iam140.ca\/index.php?rest_route=\/wp\/v2\/pages\/44\/revisions\/2269"}],"wp:attachment":[{"href":"https:\/\/www.iam140.ca\/index.php?rest_route=%2Fwp%2Fv2%2Fmedia&parent=44"}],"curies":[{"name":"wp","href":"https:\/\/api.w.org\/{rel}","templated":true}]}}