{"id":432,"date":"2014-07-25T14:56:04","date_gmt":"2014-07-25T21:56:04","guid":{"rendered":"http:\/\/localhost:8888\/wordpress\/?page_id=432"},"modified":"2025-04-27T00:43:25","modified_gmt":"2025-04-27T07:43:25","slug":"contact","status":"publish","type":"page","link":"https:\/\/www.iam140.ca\/?page_id=432&lang=fr","title":{"rendered":"Contact"},"content":{"rendered":"<div class=\"contactinfo\" style=\"color: #5b6d7d;\">\n<h3>R\u00e9gion de l&#8217;Est<\/h3>\n<p>Courriel: <a href=\"mailto:aacrobati@iam140.ca\">aacrobati@iam140.ca<\/a><br \/>\n3900, boul. C\u00f4te Vertu, bureau 202, Saint-Laurent (Qu\u00e9bec) H4R 1V4<br \/>\n514-336-3031 sans frais : 1-888-992-1010<br \/>\nT\u00e9l\u00e9c. : 514-336-3039 sans frais : 1-866-800-3039<\/p>\n<\/div>\n<div class=\"staffregion\" style=\"color: #5b6d7d;\">\n<div class=\"contactinfo\">\n<h3>R\u00e9gion de l&#8217;Est &#8211; provinces de l\u2019Atlantique<\/h3>\n<p>Courriel: <a href=\"mailto:clipsit@iam140.ca\">clipsit@iam140.ca<\/a><br \/>\n61 Tacoma Drive, bureau 1, Dartmouth (Nouvelle-\u00c9cosse) B2W 3E7<br \/>\nT\u00e9l. : 902-481-0077 T\u00e9l\u00e9c. : 902-481-0079<\/p>\n<\/div>\n<\/div>\n<div class=\"staffregion\" style=\"color: #5b6d7d;\">\n<div class=\"staffregion\">\n<div class=\"contactinfo\">\n<h3>R\u00e9gion du Centre<\/h3>\n<p>Courriel: <a href=\"mailto:dflower@iam140.ca\">dflower@iam140.ca<\/a><br \/>\n2580, rue Drew, bureau 203, Mississauga (Ontario) L4T 3M5<br \/>\nT\u00e9l. : 905-671-3192 sans frais : 1-877-426-2948<br \/>\nT\u00e9l\u00e9c. : 905-671-2114 sans frais : 1-866-298-0369<\/p>\n<\/div>\n<\/div>\n<div class=\"staffregion\">\n<div class=\"staffregion\">\n<div class=\"contactinfo\">\n<h3>R\u00e9gion de l&#8217;Ouest &#8211; Winnipeg<\/h3>\n<p>Courriel: <a href=\"mailto:cgrenuik@iam140.ca\">cgrenuik@iam140.ca<\/a><\/p>\n<p>399, rue Berry, bureau 18, Winnipeg (Manitoba)\u00a0 R3J 1N6<br \/>\nT\u00e9l. : 204-987-9254 T\u00e9l\u00e9c. : 204-987-9252<\/p>\n<\/div>\n<div class=\"staffregion\">\n<div class=\"contactinfo\">\n<h3>R\u00e9gion de l&#8217;Ouest &#8211; Calgary<\/h3>\n<p>Courriel: <a href=\"mailto:rgrenon@iam140.ca\">rgrenon@iam140.ca<\/a><\/p>\n<p><span lang=\"fr\">Niveau de d\u00e9part de l&#8217;a\u00e9roport international YYC (en provenance d&#8217;Air Canada Check In) Office D58A02<\/span><\/p>\n<p>P.O. Box 152, 2000 Airport Road, NE Calgary, AB T2E 6Z8<\/p>\n<p>T\u00e9l\u00e9phone:\u00a0\u00a0\u00a0\u00a0 403-719-8140 \u00a0 \u00a0 \u00a0 \u00a0 T\u00e9l\u00e9copieur:\u00a0\u00a0 403-719-8143<\/p>\n<\/div>\n<div class=\"contactinfo\">\n<div class=\"postpage\">\n<div id=\"staff\">\n<div class=\"staffregion\">\n<div class=\"staffregion\">\n<div class=\"contactinfo\">\n<h3>R\u00e9gion de l&#8217;Ouest &#8211; Richmond, C.-B.<\/h3>\n<p>Courriel: <a href=\"mailto:cchard@iam140.ca\">cchard@iam140.ca<\/a><br \/>\n7980 River Road, Richmond (C.-B.) V6X 1X7<br \/>\nT\u00e9l. : 604-448-0721 sans frais : 1-877-426-3140<br \/>\nT\u00e9l\u00e9c. : 604-448-0710 sans frais : 1-888-310-1688<\/p>\n<p><strong><span lang=\"fr\">L&#8217;a\u00e9roport international YVR<\/span><\/strong><\/p>\n<p>Courriel: <a href=\"mailto:thaverstock@iam140.ca\">thaverstock@iam140.ca<\/a><\/p>\n<p>3880 Grant McConachie Way, Richmond BC V7B 0A4 T\u00e9l. : 604-207-7681<\/p>\n<\/div>\n<h3>District 140 Communicateur<\/h3>\n<p><a href=\"mail:communicator@iam140.ca\">John Vincent<\/a><\/p>\n<\/div>\n<\/div>\n<\/div>\n<\/div>\n<\/div>\n<\/div>\n<\/div>\n<\/div>\n<\/div>\n","protected":false},"excerpt":{"rendered":"<p>R\u00e9gion de l&#8217;Est Courriel: aacrobati@iam140.ca 3900, boul. C\u00f4te Vertu, bureau 202, Saint-Laurent (Qu\u00e9bec) H4R 1V4 514-336-3031 sans frais : 1-888-992-1010 T\u00e9l\u00e9c. : 514-336-3039 sans frais : 1-866-800-3039 R\u00e9gion de l&#8217;Est &#8211; provinces de l\u2019Atlantique Courriel: clipsit@iam140.ca 61 Tacoma Drive, bureau 1, Dartmouth (Nouvelle-\u00c9cosse) B2W 3E7 T\u00e9l. : 902-481-0077 T\u00e9l\u00e9c. : 902-481-0079 R\u00e9gion du Centre Courriel: [&hellip;]<\/p>\n","protected":false},"author":7,"featured_media":0,"parent":0,"menu_order":0,"comment_status":"closed","ping_status":"closed","template":"","meta":{"footnotes":""},"class_list":["post-432","page","type-page","status-publish","hentry","post"],"_links":{"self":[{"href":"https:\/\/www.iam140.ca\/index.php?rest_route=\/wp\/v2\/pages\/432","targetHints":{"allow":["GET"]}}],"collection":[{"href":"https:\/\/www.iam140.ca\/index.php?rest_route=\/wp\/v2\/pages"}],"about":[{"href":"https:\/\/www.iam140.ca\/index.php?rest_route=\/wp\/v2\/types\/page"}],"author":[{"embeddable":true,"href":"https:\/\/www.iam140.ca\/index.php?rest_route=\/wp\/v2\/users\/7"}],"replies":[{"embeddable":true,"href":"https:\/\/www.iam140.ca\/index.php?rest_route=%2Fwp%2Fv2%2Fcomments&post=432"}],"version-history":[{"count":11,"href":"https:\/\/www.iam140.ca\/index.php?rest_route=\/wp\/v2\/pages\/432\/revisions"}],"predecessor-version":[{"id":32021,"href":"https:\/\/www.iam140.ca\/index.php?rest_route=\/wp\/v2\/pages\/432\/revisions\/32021"}],"wp:attachment":[{"href":"https:\/\/www.iam140.ca\/index.php?rest_route=%2Fwp%2Fv2%2Fmedia&parent=432"}],"curies":[{"name":"wp","href":"https:\/\/api.w.org\/{rel}","templated":true}]}}