{"id":40,"date":"2014-06-30T12:01:22","date_gmt":"2014-06-30T19:01:22","guid":{"rendered":"http:\/\/localhost:8888\/wordpress\/?page_id=40"},"modified":"2026-03-02T23:09:02","modified_gmt":"2026-03-03T06:09:02","slug":"personnel","status":"publish","type":"page","link":"https:\/\/www.iam140.ca\/?page_id=40&lang=fr","title":{"rendered":"Personnels"},"content":{"rendered":"<p><!--StartFragment --><\/p>\n<p><strong>CONSEIL EX\u00c9CUTIF<\/strong><\/p>\n<p><strong>Dave Flowers, pr\u00e9sident-directeur g\u00e9n\u00e9ral<\/strong><br \/>\nCourriel : <a href=\"mailto:dflowers@iam140.ca\">dflowers@iam140.ca<\/a><br \/>\nCellulaire : 647-909-8604<br \/>\nAdresse : 2580 Drew Road, Suite 203, Mississauga, ON L4T 3M5<br \/>\nT\u00e9l\u00e9phone : 905-671-3192<br \/>\nT\u00e9l\u00e9copieur : 905-671-2114<\/p>\n<p><strong>Stan Theofilaktidis, vice-pr\u00e9sident du district 140<\/strong><br \/>\nCourriel : <a href=\"mailto:st@iamaw2413.ca\">st@iamaw2413.ca<\/a><\/p>\n<p><strong>Alfredo Acrobati, secr\u00e9taire-tr\u00e9sorier<\/strong><br \/>\nCourriel : <a href=\"mailto:aacrobati@iam140.ca\">aacrobati@iam140.ca<\/a><br \/>\nCellulaire : 514-206-9894<br \/>\nAdresse : 3900 boul. de la C\u00f4te Vertu, bureau 202, Saint-Laurent, QC H4R 1V4<br \/>\nT\u00e9l\u00e9phone : 514-336-3031<br \/>\nT\u00e9l\u00e9copieur : 514-336-3039<\/p>\n<p><strong>MEMBRES DU COMIT\u00c9<\/strong><\/p>\n<p><strong>Chris Cheung, R\u00e9gion de l\u2019Ouest<\/strong><br \/>\nCourriel : <a href=\"mailto:ccheung@iam764.ca\">ccheung@iam764.ca<\/a><\/p>\n<p><strong>Jonathan Smith, R\u00e9gion du Centre<\/strong><br \/>\nCourriel : <a href=\"mailto:st@iamaw2323.ca\">st@iamaw2323.ca<\/a><\/p>\n<p><strong>Paul Hicks, R\u00e9gion du Centre<\/strong><br \/>\nCourriel : <a href=\"mailto:pauledhicks@yahoo.ca\">pauledhicks@yahoo.ca<\/a><\/p>\n<p><strong>Nasr Kairouz, R\u00e9gion de l\u2019Est<\/strong><br \/>\nCourriel : <a href=\"mailto:president@aimta1751.ca\">president@aimta1751.ca<\/a><\/p>\n<p><strong>SYNDICS<\/strong><\/p>\n<p><strong>Rick Singh, R\u00e9gion de l\u2019Ouest<\/strong><br \/>\nCourriel : <a href=\"mailto:president@iamaw16.ca\">president@iamaw16.ca<\/a><\/p>\n<p><strong>Robert Milbers, R\u00e9gion de l\u2019Est<\/strong><br \/>\nCourriel : <a href=\"mailto:president@aimta2309.ca\">president@aimta2309.ca<\/a><\/p>\n<p><strong>Jeremy Currie, R\u00e9gion de l\u2019Atlantique<\/strong><br \/>\nCourriel : <a href=\"mailto:jcurrieiam@gmail.com\">jcurrieiam@gmail.com<\/a><\/p>\n<p><strong>Maribel Dela Rosa, Secr\u00e9taire administratif principal, R\u00e9gion du Centre<\/strong><br \/>\nCourriel : <a href=\"mailto:mdelarosa@iam140.ca\">mdelarosa@iam140.ca<\/a><br \/>\nCellulaire : 905-671-3192<\/p>\n<p><strong>COMMUNICATEUR<\/strong><\/p>\n<p><strong>John Vincent<\/strong><br \/>\nCourriel : <a href=\"mailto:communicator@iam140.ca\">communicator@iam140.ca<\/a><\/p>\n<p><strong>R\u00e9gion de l\u2019Est<\/strong><\/p>\n<p><strong>Guillaume Lingat, Pr\u00e9sident g\u00e9n\u00e9ral d\u00e9sign\u00e9 pour Air Canada<\/strong><br \/>\nCourriel : <a href=\"mailto:glingat@iam140.ca\">glingat@iam140.ca<\/a><br \/>\nCellulaire : 514-894-9140<\/p>\n<p><strong>Nasr Kairouz, Pr\u00e9sident g\u00e9n\u00e9ral d\u00e9sign\u00e9 pour Air Canada<\/strong><br \/>\nCourriel : <a href=\"mailto:nkairouz@iam140.ca\">nkairouz@iam140.ca<\/a><br \/>\nCellulaire : 514-581-8759<\/p>\n<p><strong>Jean-Francois (JF) Routhier, Pr\u00e9sident g\u00e9n\u00e9ral d\u00e9sign\u00e9 pour le Service<\/strong><br \/>\nCourriel : <a href=\"mailto:jfrouthier@iam140.ca\">jfrouthier@iam140.ca<\/a><br \/>\nCellulaire : 438-357-7120<br \/>\nAdresse : 3900 boul. de la C\u00f4te Vertu, bureau 202, Saint-Laurent, QC H4R 1V4<br \/>\nT\u00e9l\u00e9phone : 514-336-3031<br \/>\nT\u00e9l\u00e9copieur : 514-336-3039<\/p>\n<p><strong>R\u00e9gion du Centre<\/strong><\/p>\n<p><strong>Mahmoud Khatib, Pr\u00e9sident g\u00e9n\u00e9ral d\u00e9sign\u00e9 pour Air Canada<\/strong><br \/>\nCourriel : <a href=\"mailto:mkhatib@iam140.ca\">mkhatib@iam140.ca<\/a><br \/>\nCellulaire : 416-897-8140<\/p>\n<p><strong>Mike Corrado, Pr\u00e9sident g\u00e9n\u00e9ral d\u00e9sign\u00e9 pour le Service<\/strong><br \/>\nCourriel : <a href=\"mailto:mcorrado@iam140.ca\">mcorrado@iam140.ca<\/a><br \/>\nCellulaire : 416-407-6535<\/p>\n<p><strong>Daniel Janssen, Pr\u00e9sident g\u00e9n\u00e9ral d\u00e9sign\u00e9 (mandat g\u00e9n\u00e9ral)<\/strong><br \/>\nCourriel : <a href=\"mailto:djanssen@iam140.ca\">djanssen@iam140.ca<\/a><br \/>\nCellulaire : 416-827-8140<\/p>\n<p><strong>Jason Jiskra, Op\u00e9rations techniques, Logistique &amp; Approvisionnement<\/strong><br \/>\nCourriel : <a href=\"mailto:jjiskra@iam140.ca\">jjiskra@iam140.ca<\/a><br \/>\nCellulaire : 416-254-5577<br \/>\nAdresse : 2580 Drew Road, Suite 203, Mississauga, ON L4T 3M5<br \/>\nT\u00e9l\u00e9phone : 905-671-3192<br \/>\nT\u00e9l\u00e9copieur : 905-671-2114<\/p>\n<p><strong>R\u00e9gion de l\u2019Ouest \u2013 Colombie-Britannique<\/strong><\/p>\n<p><strong>Tania Canniff, Pr\u00e9sidente g\u00e9n\u00e9rale d\u00e9sign\u00e9e pour le Service<\/strong><br \/>\nCourriel : <a href=\"mailto:tcanniff@iam140.ca\">tcanniff@iam140.ca<\/a><br \/>\nCellulaire : 778-319-4140\u00a0 \u00a0 \u00a0 \u00a0 \u00a0 \u00a0 \u00a0 \u00a0 \u00a0 \u00a0 \u00a0 \u00a0 \u00a0 \u00a0 \u00a0 \u00a0 \u00a0 \u00a0 \u00a0 \u00a0 \u00a0 \u00a0 \u00a0 \u00a0 \u00a0 \u00a0 \u00a0 \u00a0 \u00a0 \u00a0 \u00a0 \u00a0 \u00a0 \u00a0 \u00a0 \u00a0 \u00a0 \u00a0 \u00a0 \u00a0 \u00a0 \u00a0 \u00a0 \u00a0 \u00a0 \u00a0 \u00a0 \u00a0 Adresse : 3880 Grant McConachie Way, Richmond, BC V7B 0A4<\/p>\n<p><strong>Chris Thompson, Pr\u00e9sidente g\u00e9n\u00e9rale des agents de controle\u00a0<\/strong><br \/>\nCourriel : <a href=\"mailto:cthompson@iam140.ca\">cthompson@iam140.ca<\/a><br \/>\nCellulaire : 647-224-8341\u00a0 \u00a0 \u00a0 \u00a0 \u00a0 \u00a0 \u00a0 \u00a0 \u00a0 \u00a0 \u00a0 \u00a0 \u00a0 \u00a0 \u00a0 \u00a0 \u00a0 \u00a0 \u00a0 \u00a0 \u00a0 \u00a0 \u00a0 \u00a0 \u00a0 \u00a0 \u00a0 \u00a0 \u00a0 \u00a0 \u00a0 \u00a0 \u00a0 \u00a0 \u00a0 \u00a0 \u00a0 \u00a0 \u00a0 \u00a0 \u00a0 \u00a0 \u00a0 \u00a0 \u00a0 \u00a0 \u00a0 \u00a0Adresse : 3880 Grant McConachie Way, Richmond, BC V7B 0A4<\/p>\n<p><strong>Todd Haverstock, Pr\u00e9sident g\u00e9n\u00e9ral d\u00e9sign\u00e9 (mandat g\u00e9n\u00e9ral)<\/strong><br \/>\nCourriel : <a href=\"mailto:thaverstock@iam140.ca\">thaverstock@iam140.ca<\/a><br \/>\nCellulaire : 604-518-0029<br \/>\nAdresse : 3880 Grant McConachie Way, Richmond, BC V7B 0A4<br \/>\nT\u00e9l\u00e9phone : 604-207-7681<\/p>\n<p><strong>Craig Chard, Pr\u00e9sident g\u00e9n\u00e9ral d\u00e9sign\u00e9 pour Air Canada<\/strong><br \/>\nCourriel : <a href=\"mailto:cchard@iam140.ca\">cchard@iam140.ca<\/a><br \/>\nCellulaire : 778-928-8140<br \/>\nAdresse : 7980 River Road, Richmond, BC V6X 1X7<br \/>\nT\u00e9l\u00e9phone : 604-448-0721<br \/>\nT\u00e9l\u00e9copieur : 604-448-0710<\/p>\n<p><strong>R\u00e9gion de l\u2019Ouest \u2013 Winnipeg<\/strong><\/p>\n<p><strong>Chris Grenuik, Pr\u00e9sident g\u00e9n\u00e9ral d\u00e9sign\u00e9 (mandat g\u00e9n\u00e9ral)<\/strong><br \/>\nCourriel : <a href=\"mailto:cgreniuk@iam140.ca\">cgreniuk@iam140.ca<\/a><br \/>\nCellulaire : 204-951-8140<br \/>\nAdresse : 18-399 Berry Street, Winnipeg, MB R3J 1N6<br \/>\nT\u00e9l\u00e9phone : 204-987-9254<br \/>\nT\u00e9l\u00e9copieur : 204-987-9252<\/p>\n<p><strong>R\u00e9gion de l\u2019Ouest \u2013 Alberta et TNO<\/strong><\/p>\n<p><strong>Rene Grenon, Pr\u00e9sident g\u00e9n\u00e9ral d\u00e9sign\u00e9 (mandat g\u00e9n\u00e9ral)<\/strong><br \/>\nCourriel : <a href=\"mailto:rgrenon@iam140.ca\">rgrenon@iam140.ca<\/a><br \/>\nCellulaire : 403-921-8140<br \/>\nAdresse : 200 Airport Road, NE, Calgary, AB T2E 6Z8<br \/>\nT\u00e9l\u00e9phone : 403-250-3708<br \/>\nT\u00e9l\u00e9copieur : 403-250-3707<\/p>\n<p><strong>R\u00e9gion de l\u2019Est \u2013 Provinces de l\u2019Atlantique<\/strong><\/p>\n<p><strong>Chris Lipsit, Pr\u00e9sident g\u00e9n\u00e9ral d\u00e9sign\u00e9 (mandat g\u00e9n\u00e9ral)<\/strong><br \/>\nCourriel : <a href=\"mailto:clipsit@iam140.ca\">clipsit@iam140.ca<\/a><br \/>\nCellulaire : 902-221-6140<br \/>\nAdresse : 61 Tacoma Drive, Suite 1, Dartmouth, NS B2W 3E7<br \/>\nT\u00e9l\u00e9phone : 902-481-0077<br \/>\nT\u00e9l\u00e9copieur : 902-481-0079<\/p>\n<p><!--EndFragment --><\/p>\n","protected":false},"excerpt":{"rendered":"<p>CONSEIL EX\u00c9CUTIF Dave Flowers, pr\u00e9sident-directeur g\u00e9n\u00e9ral Courriel : dflowers@iam140.ca Cellulaire : 647-909-8604 Adresse : 2580 Drew Road, Suite 203, Mississauga, ON L4T 3M5 T\u00e9l\u00e9phone : 905-671-3192 T\u00e9l\u00e9copieur : 905-671-2114 Stan Theofilaktidis, vice-pr\u00e9sident du district 140 Courriel : st@iamaw2413.ca Alfredo Acrobati, secr\u00e9taire-tr\u00e9sorier Courriel : aacrobati@iam140.ca Cellulaire : 514-206-9894 Adresse : 3900 boul. de la C\u00f4te Vertu, [&hellip;]<\/p>\n","protected":false},"author":7,"featured_media":0,"parent":0,"menu_order":0,"comment_status":"closed","ping_status":"closed","template":"","meta":{"iawp_total_views":0,"footnotes":""},"class_list":["post-40","page","type-page","status-publish","hentry","post"],"_links":{"self":[{"href":"https:\/\/www.iam140.ca\/index.php?rest_route=\/wp\/v2\/pages\/40","targetHints":{"allow":["GET"]}}],"collection":[{"href":"https:\/\/www.iam140.ca\/index.php?rest_route=\/wp\/v2\/pages"}],"about":[{"href":"https:\/\/www.iam140.ca\/index.php?rest_route=\/wp\/v2\/types\/page"}],"author":[{"embeddable":true,"href":"https:\/\/www.iam140.ca\/index.php?rest_route=\/wp\/v2\/users\/7"}],"replies":[{"embeddable":true,"href":"https:\/\/www.iam140.ca\/index.php?rest_route=%2Fwp%2Fv2%2Fcomments&post=40"}],"version-history":[{"count":65,"href":"https:\/\/www.iam140.ca\/index.php?rest_route=\/wp\/v2\/pages\/40\/revisions"}],"predecessor-version":[{"id":33343,"href":"https:\/\/www.iam140.ca\/index.php?rest_route=\/wp\/v2\/pages\/40\/revisions\/33343"}],"wp:attachment":[{"href":"https:\/\/www.iam140.ca\/index.php?rest_route=%2Fwp%2Fv2%2Fmedia&parent=40"}],"curies":[{"name":"wp","href":"https:\/\/api.w.org\/{rel}","templated":true}]}}