{"id":38,"date":"2014-07-17T20:17:31","date_gmt":"2014-07-18T03:17:31","guid":{"rendered":"http:\/\/localhost:8888\/wordpress\/?page_id=38"},"modified":"2026-03-02T23:42:54","modified_gmt":"2026-03-03T06:42:54","slug":"sections-locales","status":"publish","type":"page","link":"https:\/\/www.iam140.ca\/?page_id=38&lang=fr","title":{"rendered":"Sections locales"},"content":{"rendered":"<p style=\"color: #5b6d7d;\"><a style=\"color: #145484;\" href=\"#R\u00e9gion de l'Est\">R\u00e9gion de l&#8217;Est<\/a>\u00a0\u00a0\u00a0<a style=\"color: #145484;\" href=\"http:\/\/www.district140.iamaw.ca\/page\/41#center\">R\u00e9gion du Centre<\/a>\u00a0\u00a0\u00a0<a style=\"color: #145484;\" href=\"http:\/\/www.district140.iamaw.ca\/page\/41#west\">R\u00e9gion de l&#8217;Ouest<\/a><\/p>\n<h4 style=\"color: #5b6d7d;\"><a style=\"color: #145484;\" name=\"east\"><\/a>R\u00e9gion de l&#8217;Est<\/h4>\n<table id=\"table4\" style=\"color: #5b6d7d;\" border=\"0\" width=\"95%\" cellspacing=\"1\" cellpadding=\"3\">\n<tbody>\n<tr bgcolor=\"#e0e0e0\">\n<td align=\"left\" width=\"25%\"><\/td>\n<td><\/td>\n<td align=\"right\"><\/td>\n<\/tr>\n<tr>\n<td align=\"left\" width=\"25%\">Section locale 927<\/td>\n<td>C.P. 444 Gander (Terre-Neuve)\u00a0 A1V 1W8 T\u00e9l.\u00a0: 709-256-4571 ou 709-256-8970<\/td>\n<td align=\"right\">\u00a0<a style=\"color: #145484;\" href=\"mailto:waynewhitehorn@hotmail.com\">waynewhitehorn@hotmail.com<\/a><\/td>\n<\/tr>\n<tr bgcolor=\"#e0e0e0\">\n<td align=\"left\" nowrap=\"nowrap\" width=\"25%\"><a style=\"color: #145484;\" href=\"http:\/\/www.aimta1751.ca\/\">Section locale 1751<\/a><\/td>\n<td>3860, boul C\u00f4te Vertu, bureau 208, Saint-Laurent (Qu\u00e9bec) \u00a0H4R 1V4 T\u00e9l.\u00a0: 514-332-2668 T\u00e9l\u00e9c.\u00a0: 514-332-2258<\/td>\n<td align=\"right\"><a style=\"color: #145484;\" href=\"mailto:president@aimta1751.ca\">president@aimta1751.ca<\/a><\/td>\n<\/tr>\n<tr>\n<td align=\"left\" width=\"25%\"><a style=\"color: #145484;\" href=\"http:\/\/www.iamaw1763.ca\/\">Section locale 1763<\/a><\/td>\n<td>61 Tacoma Drive,\u00a0 Dartmouth (Nouvelle-\u00c9cosse) B2W 3E5 T\u00e9l. : 902-404-1763 T\u00e9l\u00e9c. : 902-404-1764<\/td>\n<td align=\"right\"><a style=\"color: #145484;\" href=\"mailto:mitch.iamaw@gmail.com\">mitch.iamaw@gmail.com<\/a><\/td>\n<\/tr>\n<tr bgcolor=\"#e0e0e0\">\n<td align=\"left\" valign=\"middle\" width=\"25%\">Section locale 2301<\/td>\n<td>Marc Genereux 63, 22 Ave St Marthe Lac, QC J0N 1P0 T\u00e9l.\u00a0: 514-956-1578 T\u00e9l\u00e9c.\u00a0: 514-956-1737<\/td>\n<td align=\"right\" valign=\"middle\"><a style=\"color: #145484;\" href=\"mailto:iam2301ymxchiefsteward@gmail.com\">iam2301ymxchiefsteward@gmail.com<\/a><\/td>\n<\/tr>\n<tr>\n<td align=\"left\" width=\"25%\"><a style=\"color: #145484;\" href=\"http:\/\/aimta2309.ca\/\">Section locale 2309<\/a><\/td>\n<td>3860, C\u00f4te Vertu, bureau 204 St-Laurent (Qu\u00e9bec) \u00a0H4R 1V4 T\u00e9l.\u00a0: 514-900-0378 T\u00e9l\u00e9c.\u00a0: 514-336-1289<\/td>\n<td align=\"right\"><a href=\"mailto:president@aimta2309.ca\">president@aimta2309.ca<\/a><\/td>\n<\/tr>\n<tr bgcolor=\"#e0e0e0\">\n<td align=\"left\" width=\"25%\"><a style=\"color: #145484;\" href=\"http:\/\/www.iamaw2797.ca\/\">Section locale 2797<\/a><\/td>\n<td>Adresse postale\u00a0: <span dir=\"ltr\">1644-747 Bell Blvd, Enfield, NS B2T 1K2<\/span><br \/>\nTel: 902-424-4063 Fax: 902-424-2111<\/td>\n<td align=\"right\"><a href=\"mailto:jbaker@nsgeu.ca\">jbaker@nsgeu.ca<\/a><\/td>\n<\/tr>\n<\/tbody>\n<\/table>\n<p style=\"color: #5b6d7d;\"><a style=\"color: #145484;\" name=\"center\"><\/a><\/p>\n<h4 style=\"color: #5b6d7d;\">R\u00e9gion du Centre<\/h4>\n<table id=\"table5\" style=\"color: #5b6d7d;\" border=\"0\" width=\"95%\" cellspacing=\"1\" cellpadding=\"3\">\n<tbody>\n<tr bgcolor=\"#e0e0e0\">\n<td align=\"left\" width=\"25%\"><a style=\"color: #145484;\" href=\"http:\/\/www.iamaw2323.ca\/\">Section locale 2323<\/a><\/td>\n<td>2580 Drew Road, bureau 202 Mississauga (Ontario) \u00a0L4T 3M5 T\u00e9l.\u00a0: 905-678-0010 T\u00e9l\u00e9c.\u00a0: 905-678-0034 ou 1-877-409-2323 (Ontario seulement)<\/td>\n<td align=\"right\"><a style=\"color: #145484;\" href=\"mailto:president@ll2323iamaw.org\">president@iamaw2323.ca<\/a><\/td>\n<\/tr>\n<tr>\n<td align=\"left\" width=\"25%\"><a style=\"color: #145484;\" href=\"http:\/\/www.iamaw2413.ca\">Section locale 2413<\/a><\/td>\n<td>2580 Drew Road, Unit 101 Mississauga, ON. L4T 3M5Tel: 905-671-9119 Fax: 905-671-2002<\/td>\n<td align=\"right\"><a href=\"mailto:info@iamaw2413.ca\">info@iamaw2413.ca<\/a><\/td>\n<\/tr>\n<tr bgcolor=\"#e0e0e0\">\n<td align=\"left\" width=\"25%\"><\/td>\n<td><\/td>\n<td align=\"right\"><\/td>\n<\/tr>\n<tr bgcolor=\"#e0e0e0\">\n<td align=\"left\"><\/td>\n<td><\/td>\n<td align=\"right\"><\/td>\n<\/tr>\n<\/tbody>\n<\/table>\n<h4 style=\"color: #5b6d7d;\"><a style=\"color: #145484;\" name=\"west\"><\/a>R\u00e9gion de l&#8217;Ouest<\/h4>\n<table id=\"table6\" style=\"color: #5b6d7d;\" border=\"0\" width=\"95%\" cellspacing=\"1\" cellpadding=\"3\">\n<tbody>\n<tr bgcolor=\"#e0e0e0\">\n<td align=\"left\" width=\"25%\"><a style=\"color: #145484;\" href=\"http:\/\/iamaw16.ca\/\">Section locale 16<\/a><\/td>\n<td>4th floor Domestic Terminal YVR int Airport, bureau 4212 Richmond (C.-B.)\u00a0 V7B 1K6 T\u00e9l.\u00a0: 604-303-0461 T\u00e9l\u00e9c.\u00a0: 604-303-0481<\/td>\n<td align=\"right\"><a style=\"color: #145484;\" href=\"mailto:president@iamaw16.ca\">president@iamaw16.ca<\/a><\/td>\n<\/tr>\n<tr valign=\"top\">\n<td align=\"left\" valign=\"middle\" width=\"25%\"><a style=\"color: #145484;\" href=\"http:\/\/www.iamaw32.ca\/\">Section locale 32<\/a><\/td>\n<td>C.P. 373 Bushell Park (Saskatchewan) \u00a0S0H 0N0 T\u00e9l.\u00a0: 306-694-2222\u00a0poste 5629 (Moose Jaw) T\u00e9l\u00e9c.\u00a0: 780-840-8000\u00a0poste 7146 (Cold Lake)<\/td>\n<td align=\"right\" valign=\"middle\"><a style=\"color: #145484;\" href=\"mailto:timms10@hotmail.com\">timms10@hotmail.com<\/a><\/td>\n<\/tr>\n<tr bgcolor=\"#e0e0e0\">\n<td align=\"left\" width=\"25%\"><a style=\"color: #145484;\" href=\"http:\/\/www.iamaw714.ca\/\">Section locale 714<\/a><\/td>\n<td valign=\"top\">399, rue\u00a0Berry, bureau 18 Winnipeg (Manitoba) \u00a0R3J 1N6 T\u00e9l.\u00a0: 204-987-9250 T\u00e9l\u00e9c.\u00a0: 204-987-9252<\/td>\n<td align=\"right\"><a style=\"color: #145484;\" href=\"mailto:714pres@mymts.net\">714pres@mymts.net<\/a><\/td>\n<\/tr>\n<tr>\n<td align=\"left\" width=\"25%\"><a style=\"color: #145484;\" href=\"http:\/\/www.iam764.ca\/\">Section locale 764<\/a><\/td>\n<td>7980 River Road Richmond (C.-B.) \u00a0V6X 1X7 T\u00e9l.\u00a0: 604-273-9668<\/td>\n<td align=\"right\"><a style=\"color: #145484;\" href=\"mailto:chrish@iam764.ca\">chrish@iam764.ca<\/a><\/td>\n<\/tr>\n<tr bgcolor=\"#e0e0e0\">\n<td align=\"left\" width=\"25%\"><a style=\"color: #145484;\" href=\"http:\/\/www.iamaw1681.ca\/\">Section locale 1681<\/a><\/td>\n<td>\u00a0Box 152 2000 Airport Road NE,\u00a0 Calgary (Alberta) \u00a0T1Y 5E4 T\u00e9l.\u00a0:<\/td>\n<td align=\"right\"><a style=\"color: #145484;\" href=\"mailto:ecamponi@iamaw1681.ca\">ecamponi@iamaw1681.ca<\/a><\/td>\n<\/tr>\n<tr>\n<td align=\"left\" width=\"25%\"><a style=\"color: #145484;\" href=\"http:\/\/iamaw2603.ca\/\">Section locale 2603<\/a><\/td>\n<td>355, avenue Portage, bureau 269 Winnipeg (Manitoba) \u00a0R3B 2C3 T\u00e9l.\u00a0: 204-941-2249 T\u00e9l\u00e9c.\u00a0: 204-941-2247<\/td>\n<td align=\"right\"><a style=\"color: #145484;\" href=\"mailto:iam2603@mymts.net\">iam2603@mymts.net<\/a><\/td>\n<\/tr>\n<tr bgcolor=\"#e0e0e0\">\n<td align=\"left\" width=\"25%\"><a href=\"http:\/\/iamaw2734.ca\/\">Section locale 2734<\/a><\/td>\n<td>C.P. 92, 2000 Airport Road NE Calgary (Alberta)\u00a0 T2D 6W5 T\u00e9l. : 587-969-2535 T\u00e9l\u00e9c. : 403-221-1596<\/td>\n<td align=\"right\"><a href=\"mailto:fodgers@gmail.com\">fodgers@gmail.com<\/a><\/td>\n<\/tr>\n<\/tbody>\n<\/table>\n","protected":false},"excerpt":{"rendered":"<p>R\u00e9gion de l&#8217;Est\u00a0\u00a0\u00a0R\u00e9gion du Centre\u00a0\u00a0\u00a0R\u00e9gion de l&#8217;Ouest R\u00e9gion de l&#8217;Est Section locale 927 C.P. 444 Gander (Terre-Neuve)\u00a0 A1V 1W8 T\u00e9l.\u00a0: 709-256-4571 ou 709-256-8970 \u00a0waynewhitehorn@hotmail.com Section locale 1751 3860, boul C\u00f4te Vertu, bureau 208, Saint-Laurent (Qu\u00e9bec) \u00a0H4R 1V4 T\u00e9l.\u00a0: 514-332-2668 T\u00e9l\u00e9c.\u00a0: 514-332-2258 president@aimta1751.ca Section locale 1763 61 Tacoma Drive,\u00a0 Dartmouth (Nouvelle-\u00c9cosse) B2W 3E5 T\u00e9l. : 902-404-1763 [&hellip;]<\/p>\n","protected":false},"author":7,"featured_media":0,"parent":0,"menu_order":0,"comment_status":"closed","ping_status":"closed","template":"","meta":{"footnotes":""},"class_list":["post-38","page","type-page","status-publish","hentry","post"],"_links":{"self":[{"href":"https:\/\/www.iam140.ca\/index.php?rest_route=\/wp\/v2\/pages\/38","targetHints":{"allow":["GET"]}}],"collection":[{"href":"https:\/\/www.iam140.ca\/index.php?rest_route=\/wp\/v2\/pages"}],"about":[{"href":"https:\/\/www.iam140.ca\/index.php?rest_route=\/wp\/v2\/types\/page"}],"author":[{"embeddable":true,"href":"https:\/\/www.iam140.ca\/index.php?rest_route=\/wp\/v2\/users\/7"}],"replies":[{"embeddable":true,"href":"https:\/\/www.iam140.ca\/index.php?rest_route=%2Fwp%2Fv2%2Fcomments&post=38"}],"version-history":[{"count":17,"href":"https:\/\/www.iam140.ca\/index.php?rest_route=\/wp\/v2\/pages\/38\/revisions"}],"predecessor-version":[{"id":33348,"href":"https:\/\/www.iam140.ca\/index.php?rest_route=\/wp\/v2\/pages\/38\/revisions\/33348"}],"wp:attachment":[{"href":"https:\/\/www.iam140.ca\/index.php?rest_route=%2Fwp%2Fv2%2Fmedia&parent=38"}],"curies":[{"name":"wp","href":"https:\/\/api.w.org\/{rel}","templated":true}]}}