{"id":31824,"date":"2025-03-24T12:15:05","date_gmt":"2025-03-24T19:15:05","guid":{"rendered":"https:\/\/www.iam140.ca\/?page_id=31824"},"modified":"2025-03-24T12:28:49","modified_gmt":"2025-03-24T19:28:49","slug":"negociations-2025","status":"publish","type":"page","link":"https:\/\/www.iam140.ca\/?page_id=31824&lang=fr","title":{"rendered":"N\u00e9gociations 2025"},"content":{"rendered":"\n<p>Remplir l\u2019enqu\u00eate sur les n\u00e9gociations permet aux membres du Syndicat IAM District 140 d\u2019exprimer leurs priorit\u00e9s, garantissant que les n\u00e9gociations avec Air Canada en 2026 refl\u00e8tent leurs besoins. Votre contribution fa\u00e7onne notre force collective, contribuant \u00e0 de meilleurs r\u00e9sultats pour tous les membres.<\/p>\n\n\n\n<h2 class=\"wp-block-heading has-text-align-center\">Veuillez cliquer sur le lien pour acc\u00e9der <br>\u00e0 VOTRE sondage sur les n\u00e9gociations<\/h2>\n\n\n\n<figure class=\"wp-block-image size-large\"><a href=\"https:\/\/www.iam140.ca\/wp-content\/uploads\/2025\/03\/District140_Many_Folks.jpg\"><img loading=\"lazy\" decoding=\"async\" width=\"1024\" height=\"292\" src=\"https:\/\/www.iam140.ca\/wp-content\/uploads\/2025\/03\/District140_Many_Folks-1024x292.jpg\" alt=\"\" class=\"wp-image-31815\" srcset=\"https:\/\/www.iam140.ca\/wp-content\/uploads\/2025\/03\/District140_Many_Folks-1024x292.jpg 1024w, https:\/\/www.iam140.ca\/wp-content\/uploads\/2025\/03\/District140_Many_Folks-300x86.jpg 300w, https:\/\/www.iam140.ca\/wp-content\/uploads\/2025\/03\/District140_Many_Folks-768x219.jpg 768w, https:\/\/www.iam140.ca\/wp-content\/uploads\/2025\/03\/District140_Many_Folks-1536x438.jpg 1536w, https:\/\/www.iam140.ca\/wp-content\/uploads\/2025\/03\/District140_Many_Folks.jpg 1654w\" sizes=\"auto, (max-width: 1024px) 100vw, 1024px\" \/><\/a><\/figure>\n\n\n<div class=\"wp-block-wptb-table-block\"><div class=\"wptb-container-legacy\" data-table-id=\"31823\">\n    <table class=\"wptb-preview-table wptb-element-main-table_setting-31823\" style=\"border-spacing: 3px 3px; border-collapse: collapse !important; min-width: 100%; border-width: 1px; border-style: solid; \" data-border-spacing-columns=\"3\" data-border-spacing-rows=\"3\" data-reconstraction=\"1\" data-wptb-table-directives=\"eyJpbm5lckJvcmRlcnMiOnsiYWN0aXZlIjoiYWxsIiwiYm9yZGVyV2lkdGgiOjEsImJvcmRlclJhZGl1c2VzIjp7ImFsbCI6MCwicm93IjowLCJjb2x1bW4iOjB9fX0=\" data-wptb-responsive-directives=\"eyJyZXNwb25zaXZlRW5hYmxlZCI6ZmFsc2UsInJlc3BvbnNpdmVNb2RlIjoiYXV0byIsInJlbGF0aXZlV2lkdGgiOiJ3aW5kb3ciLCJwcmVzZXJ2ZVJvd0NvbG9yIjpmYWxzZSwiaGVhZGVyRnVsbHlNZXJnZWQiOmZhbHNlLCJicmVha3BvaW50cyI6eyJkZXNrdG9wIjp7Im5hbWUiOiJkZXNrdG9wIiwid2lkdGgiOjEwMjR9LCJ0YWJsZXQiOnsibmFtZSI6InRhYmxldCIsIndpZHRoIjo3MDB9LCJtb2JpbGUiOnsibmFtZSI6Im1vYmlsZSIsIndpZHRoIjozMDB9fSwibW9kZU9wdGlvbnMiOnsiYXV0byI6eyJkaXNhYmxlZCI6eyJkZXNrdG9wIjpmYWxzZSwidGFibGV0IjpmYWxzZSwibW9iaWxlIjpmYWxzZX0sInRvcFJvd0FzSGVhZGVyIjp7ImRlc2t0b3AiOmZhbHNlLCJ0YWJsZXQiOnRydWUsIm1vYmlsZSI6dHJ1ZX0sInJlcGVhdE1lcmdlZEhlYWRlciI6eyJkZXNrdG9wIjp0cnVlLCJ0YWJsZXQiOnRydWUsIm1vYmlsZSI6dHJ1ZX0sInN0YXRpY1RvcFJvdyI6eyJkZXNrdG9wIjpmYWxzZSwidGFibGV0IjpmYWxzZSwibW9iaWxlIjpmYWxzZX0sImNlbGxTdGFja0RpcmVjdGlvbiI6eyJkZXNrdG9wIjoicm93IiwidGFibGV0Ijoicm93IiwibW9iaWxlIjoicm93In0sImNlbGxzUGVyUm93Ijp7ImRlc2t0b3AiOjEsInRhYmxldCI6MiwibW9iaWxlIjoyfX19fQ==\" data-wptb-cells-width-auto-count=\"2\" data-wptb-horizontal-scroll-status=\"false\" data-wptb-extra-styles=\"LyogRW50ZXIgeW91ciBjdXN0b20gQ1NTIHJ1bGVzIGhlcmUgKi8=\" data-wptb-pro-pagination-top-row-header=\"false\" data-wptb-rows-per-page=\"10\" data-wptb-pro-search-top-row-header=\"false\" data-wptb-searchbar-position=\"left\" role=\"table\" data-table-columns=\"3\" data-wptb-table-alignment=\"center\" data-wptb-td-width-auto=\"120\" data-wptb-table-tds-sum-max-width=\"283\" ><tbody data-global-font-color=\"#000000\" data-global-link-color=\"#000000\" data-global-font-size=\"15\" ><tr  class=\"wptb-row \" style=\"\"><td class=\"wptb-cell \" colspan=\"1\" rowspan=\"1\" style=\"padding: 10px; border-width: 1px; border-color: rgb(0, 0, 0); border-style: solid; \" data-y-index=\"0\" data-x-index=\"0\" data-wptb-css-td-auto-width=\"true\" data-wptb-cell-vertical-alignment=\"center\" ><div class=\"wptb-text-container wptb-ph-element wptb-element-text-597\" style=\"\"><div style=\"position: relative;\"><p><\/p><\/div><\/div><\/td><td class=\"wptb-cell \" colspan=\"1\" rowspan=\"1\" style=\"padding: 10px; border-width: 1px; border-color: rgb(0, 0, 0); border-style: solid; \" data-y-index=\"0\" data-x-index=\"1\" data-wptb-css-td-auto-width=\"true\" data-wptb-cell-vertical-alignment=\"center\" ><div class=\"wptb-text-container wptb-ph-element wptb-element-text-598\" style=\"\"><div style=\"position: relative;\"><p><\/p><\/div><\/div><\/td><\/tr><tr  class=\"wptb-row \" style=\"\"><td class=\"wptb-cell \" colspan=\"1\" rowspan=\"1\" style=\"padding: 10px; border-width: 1px; border-color: rgb(0, 0, 0); border-style: solid; \" data-y-index=\"1\" data-x-index=\"0\" data-wptb-css-td-auto-width=\"true\" data-wptb-cell-vertical-alignment=\"center\" ><div class=\"wptb-text-container wptb-ph-element wptb-element-text-599\" style=\"color: rgb(0, 0, 0); font-size: 14px; \"><div style=\"position: relative;\"><p style=\"text-align: center;\" data-mce-style=\"text-align: center;\"><strong class=\"\"><a data-mce-href=\"https:\/\/goiam.evasys.scantron.com\/evasys\/online.php?p=H382N\" href=\"https:\/\/goiam.evasys.scantron.com\/evasys\/online.php?p=H382N\" target=\"_blank\" rel=\"noopener\" data-mce-selected=\"inline-boundary\">\ufeffPr\u00e9pos\u00e9 d\u2019escale temp plein,<\/a><br><a data-mce-href=\"https:\/\/goiam.evasys.scantron.com\/evasys\/online.php?p=H382N\" href=\"https:\/\/goiam.evasys.scantron.com\/evasys\/online.php?p=H382N\" target=\"_blank\" rel=\"noopener\">Chef pr\u00e9pos\u00e9 d\u2019escale\u00a0<\/a><br><a data-mce-href=\"https:\/\/goiam.evasys.scantron.com\/evasys\/online.php?p=H382N\" href=\"https:\/\/goiam.evasys.scantron.com\/evasys\/online.php?p=H382N\" target=\"_blank\" rel=\"noopener\">(PE-TP et CPE)<\/a><br data-mce-bogus=\"1\"><\/strong><\/p><\/div><\/div><\/td><td class=\"wptb-cell \" colspan=\"1\" rowspan=\"1\" style=\"padding: 10px; border-width: 1px; border-color: rgb(0, 0, 0); border-style: solid; \" data-y-index=\"1\" data-x-index=\"1\" data-wptb-css-td-auto-width=\"true\" data-wptb-cell-vertical-alignment=\"center\" ><div class=\"wptb-text-container wptb-ph-element wptb-element-text-600\" style=\"color: rgb(0, 0, 0); font-size: 14px; \"><div style=\"position: relative;\"><p style=\"text-align: center;\" data-mce-style=\"text-align: center;\"><strong class=\"\"><a href=\"https:\/\/goiam.evasys.scantron.com\/evasys\/online.php?p=LGEXJ\" target=\"_blank\" title=\"Part-Time SA\" rel=\"noopener\" data-mce-href=\"https:\/\/goiam.evasys.scantron.com\/evasys\/online.php?p=LGEXJ\" style=\"color: #d0021b;\" data-mce-style=\"color: #d0021b;\" data-mce-selected=\"inline-boundary\">Pr\u00e9pos\u00e9 d\u2019escale temps partiel<\/a><\/strong><\/p><\/div><\/div><\/td><\/tr><tr  class=\"wptb-row \" style=\"\"><td class=\"wptb-cell \" colspan=\"1\" rowspan=\"1\" style=\"padding: 10px; border-width: 1px; border-color: rgb(0, 0, 0); border-style: solid; \" data-y-index=\"2\" data-x-index=\"0\" data-wptb-css-td-auto-width=\"true\" data-wptb-cell-vertical-alignment=\"center\" ><div class=\"wptb-text-container wptb-ph-element wptb-element-text-601\" style=\"color: rgb(0, 0, 0); font-size: 14px; \"><div style=\"position: relative;\"><p style=\"text-align: center;\" data-mce-style=\"text-align: center;\"><strong><a data-mce-href=\"https:\/\/goiam.evasys.scantron.com\/evasys\/online.php?p=WG74X\" href=\"https:\/\/goiam.evasys.scantron.com\/evasys\/online.php?p=WG74X\" target=\"_blank\" rel=\"noopener\" style=\"color: #d0021b;\" data-mce-style=\"color: #d0021b;\" data-mce-selected=\"inline-boundary\">Cabine (pr\u00e9pos\u00e9 \u00e0 l\u2019entretien et chef pr\u00e9pos\u00e9 \u00e0 l\u2019entretien)<\/a><\/strong><br><\/p><\/div><\/div><\/td><td class=\"wptb-cell \" colspan=\"1\" rowspan=\"1\" style=\"padding: 10px; border-width: 1px; border-color: rgb(0, 0, 0); border-style: solid; \" data-y-index=\"2\" data-x-index=\"1\" data-wptb-css-td-auto-width=\"true\" data-wptb-cell-vertical-alignment=\"center\" ><div class=\"wptb-text-container wptb-ph-element wptb-element-text-602\" style=\"color: rgb(0, 0, 0); font-size: 14px; \"><div style=\"position: relative;\"><p style=\"text-align: center;\" data-mce-style=\"text-align: center;\"><strong><a data-mce-href=\"https:\/\/goiam.evasys.scantron.com\/evasys\/online.php?p=ZW8GN\" href=\"https:\/\/goiam.evasys.scantron.com\/evasys\/online.php?p=ZW8GN\" target=\"_blank\" rel=\"noopener\" style=\"color: #d0021b;\" data-mce-style=\"color: #d0021b;\">Formateurs (tout formateur)<\/a><\/strong><\/p><\/div><\/div><\/td><\/tr><tr  class=\"wptb-row \" style=\"\"><td class=\"wptb-cell \" colspan=\"1\" rowspan=\"1\" style=\"padding: 10px; border-width: 1px; border-color: rgb(0, 0, 0); border-style: solid; \" data-y-index=\"3\" data-x-index=\"0\" data-wptb-css-td-auto-width=\"true\" data-wptb-cell-vertical-alignment=\"center\" ><div class=\"wptb-text-container wptb-ph-element wptb-element-text-603\" style=\"color: rgb(0, 0, 0); font-size: 14px; \"><div style=\"position: relative;\"><p style=\"text-align: center;\" data-mce-style=\"text-align: center;\"><strong><a data-mce-href=\"https:\/\/goiam.evasys.scantron.com\/evasys\/online.php?p=UA3YU\" href=\"https:\/\/goiam.evasys.scantron.com\/evasys\/online.php?p=UA3YU\" target=\"_blank\" rel=\"noopener\" style=\"color: #d0021b;\" data-mce-style=\"color: #d0021b;\" data-mce-selected=\"inline-boundary\">Technicien d\u2019entretien d\u2019a\u00e9ronef (TEA)<\/a><\/strong><\/p><\/div><\/div><\/td><td class=\"wptb-cell \" colspan=\"1\" rowspan=\"1\" style=\"padding: 10px; border-width: 1px; border-color: rgb(0, 0, 0); border-style: solid; \" data-y-index=\"3\" data-x-index=\"1\" data-wptb-css-td-auto-width=\"true\" data-wptb-cell-vertical-alignment=\"center\" ><div class=\"wptb-text-container wptb-ph-element wptb-element-text-604\" style=\"color: rgb(0, 0, 0); font-size: 14px; \"><div style=\"position: relative;\"><p style=\"text-align: center;\" data-mce-style=\"text-align: center;\"><strong><a data-mce-href=\"https:\/\/goiam.evasys.scantron.com\/evasys\/online.php?p=J4RNN\" href=\"https:\/\/goiam.evasys.scantron.com\/evasys\/online.php?p=J4RNN\" style=\"color: #d0021b;\" target=\"_blank\" rel=\"noopener\" data-mce-style=\"color: #d0021b;\" title=\"Logistique et approvisionnement  (Magasins\/commis aux stocks\" data-mce-selected=\"inline-boundary\">Logistique et approvisionnement (Magasins\/commis aux stocks\/Exp\u00e9ditateurs-trices)<\/a><\/strong><\/p><\/div><\/div><\/td><\/tr><tr  class=\"wptb-row \" style=\"\"><td class=\"wptb-cell \" colspan=\"1\" rowspan=\"1\" style=\"padding: 10px; border-width: 1px; border-color: rgb(0, 0, 0); border-style: solid; \" data-y-index=\"4\" data-x-index=\"0\" data-wptb-css-td-auto-width=\"true\" data-wptb-cell-vertical-alignment=\"center\" ><div class=\"wptb-text-container wptb-ph-element wptb-element-text-605\" style=\"color: rgb(0, 0, 0); font-size: 15px; \"><div style=\"position: relative;\"><p style=\"text-align: center;\" data-mce-style=\"text-align: center;\"><strong class=\"\"><a data-mce-href=\"https:\/\/goiam.evasys.scantron.com\/evasys\/online.php?p=G645M\" href=\"https:\/\/goiam.evasys.scantron.com\/evasys\/online.php?p=G645M\" target=\"_blank\" rel=\"noopener\" style=\"color: #d0021b;\" data-mce-style=\"color: #d0021b;\">Agent service \u00e0 la client\u00e8le<br><\/a><\/strong><strong class=\"\">\ufeff<a data-mce-href=\"https:\/\/goiam.evasys.scantron.com\/evasys\/online.php?p=G645M\" href=\"https:\/\/goiam.evasys.scantron.com\/evasys\/online.php?p=G645M\" target=\"_blank\" rel=\"noopener\" style=\"color: #d0021b;\" data-mce-style=\"color: #d0021b;\" data-mce-selected=\"inline-boundary\">\ufeff(CSA)<\/a><\/strong><\/p><p><\/p><\/div><\/div><\/td><td class=\"wptb-cell \" colspan=\"1\" rowspan=\"1\" style=\"padding: 10px; border-width: 1px; border-color: rgb(0, 0, 0); border-style: solid; \" data-y-index=\"4\" data-x-index=\"1\" data-wptb-css-td-auto-width=\"true\" data-wptb-cell-vertical-alignment=\"center\" ><div class=\"wptb-text-container wptb-ph-element wptb-element-text-606\" style=\"color: rgb(0, 0, 0); font-size: 14px; \"><div style=\"position: relative;\"><p style=\"text-align: center;\" data-mce-style=\"text-align: center;\"><strong><a data-mce-href=\"https:\/\/goiam.evasys.scantron.com\/evasys\/online.php?p=SMG8D\" href=\"https:\/\/goiam.evasys.scantron.com\/evasys\/online.php?p=SMG8D\" target=\"_blank\" rel=\"noopener\" style=\"color: #d0021b;\" data-mce-style=\"color: #d0021b;\">Agent principal service clientele masse et centrage, planificateur postes de stationnement, coordonnateur et repr\u00e9sentant r\u00e9clamations bagages, agent recherche de bagages\u00a0<\/a><\/strong><\/p><\/div><\/div><\/td><\/tr><tr  class=\"wptb-row \" style=\"\"><td class=\"wptb-cell \" style=\"padding: 10px; border-width: 1px; border-color: rgb(0, 0, 0); border-style: solid; \" data-y-index=\"5\" data-x-index=\"0\" data-wptb-css-td-auto-width=\"true\" data-wptb-cell-vertical-alignment=\"center\" ><div class=\"wptb-text-container wptb-ph-element wptb-element-text-607\" style=\"color: rgb(0, 0, 0); font-size: 15px; \"><div style=\"position: relative;\"><p style=\"text-align: center;\" data-mce-style=\"text-align: center;\"><strong><a data-mce-href=\"https:\/\/goiam.evasys.scantron.com\/evasys\/online.php?p=GKNK1\" href=\"https:\/\/goiam.evasys.scantron.com\/evasys\/online.php?p=GKNK1\" target=\"_blank\" rel=\"noopener\" style=\"color: #d0021b;\" data-mce-style=\"color: #d0021b;\">Mat\u00e9riel au sol, biens immobiliers, mat\u00e9riel au soutien avions\ufeff<\/a><\/strong><br><\/p><\/div><\/div><\/td><td class=\"wptb-cell \" style=\"padding: 10px; border-width: 1px; border-color: rgb(0, 0, 0); border-style: solid; \" data-y-index=\"5\" data-x-index=\"1\" data-wptb-css-td-auto-width=\"true\" data-wptb-cell-vertical-alignment=\"center\" ><div class=\"wptb-text-container wptb-ph-element wptb-element-text-608\" style=\"color: rgb(0, 0, 0); font-size: 15px; \"><div style=\"position: relative;\"><p style=\"text-align: center;\" data-mce-style=\"text-align: center;\"><strong><a data-mce-href=\"https:\/\/goiam.evasys.scantron.com\/evasys\/online.php?p=J9926\" href=\"https:\/\/goiam.evasys.scantron.com\/evasys\/online.php?p=J9926\" target=\"_blank\" rel=\"noopener\" style=\"color: #d0021b;\" data-mce-style=\"color: #d0021b;\">Service technique classes superiors (non brevet\u00e9, logistique et approvisionnement et mat\u00e9riel au sol)<\/a><\/strong><\/p><\/div><\/div><\/td><\/tr><\/tbody><\/table>\n<\/div>\n<\/div>","protected":false},"excerpt":{"rendered":"<p>Remplir l\u2019enqu\u00eate sur les n\u00e9gociations permet aux membres du Syndicat IAM District 140 d\u2019exprimer leurs priorit\u00e9s, garantissant que les n\u00e9gociations avec Air Canada en 2026 refl\u00e8tent leurs besoins. Votre contribution fa\u00e7onne notre force collective, contribuant \u00e0 de meilleurs r\u00e9sultats pour tous les membres. Veuillez cliquer sur le lien pour acc\u00e9der \u00e0 VOTRE sondage sur les [&hellip;]<\/p>\n","protected":false},"author":13,"featured_media":0,"parent":0,"menu_order":0,"comment_status":"closed","ping_status":"closed","template":"","meta":{"footnotes":""},"class_list":["post-31824","page","type-page","status-publish","hentry","post"],"_links":{"self":[{"href":"https:\/\/www.iam140.ca\/index.php?rest_route=\/wp\/v2\/pages\/31824","targetHints":{"allow":["GET"]}}],"collection":[{"href":"https:\/\/www.iam140.ca\/index.php?rest_route=\/wp\/v2\/pages"}],"about":[{"href":"https:\/\/www.iam140.ca\/index.php?rest_route=\/wp\/v2\/types\/page"}],"author":[{"embeddable":true,"href":"https:\/\/www.iam140.ca\/index.php?rest_route=\/wp\/v2\/users\/13"}],"replies":[{"embeddable":true,"href":"https:\/\/www.iam140.ca\/index.php?rest_route=%2Fwp%2Fv2%2Fcomments&post=31824"}],"version-history":[{"count":4,"href":"https:\/\/www.iam140.ca\/index.php?rest_route=\/wp\/v2\/pages\/31824\/revisions"}],"predecessor-version":[{"id":31833,"href":"https:\/\/www.iam140.ca\/index.php?rest_route=\/wp\/v2\/pages\/31824\/revisions\/31833"}],"wp:attachment":[{"href":"https:\/\/www.iam140.ca\/index.php?rest_route=%2Fwp%2Fv2%2Fmedia&parent=31824"}],"curies":[{"name":"wp","href":"https:\/\/api.w.org\/{rel}","templated":true}]}}